{"id":4743,"date":"2026-02-26T13:47:46","date_gmt":"2026-02-26T12:47:46","guid":{"rendered":"https:\/\/guenthersteinmetz.com\/produkt\/2022er-piesporter-grafenberg-riesling-praedikatswein-kabinett\/"},"modified":"2026-02-26T13:47:46","modified_gmt":"2026-02-26T12:47:46","slug":"2022er-piesporter-grafenberg-riesling-praedikatswein-kabinett","status":"publish","type":"product","link":"https:\/\/guenthersteinmetz.com\/en\/product\/2022er-piesporter-grafenberg-riesling-praedikatswein-kabinett\/","title":{"rendered":"2022er Piesporter Grafenberg Riesling Pr\u00e4dikatswein Kabinett"},"content":{"rendered":"<p>Die Besonderheit der Lage Piesporter Grafenberg ist der rote Schieferboden, der den Weinen eine individuelle Aromatik verleiht. Frucht von roter Johannisbeere und Pfirsich, sowie Ankl\u00e4nge von Limetten. Helle Schiefermineralik und pr\u00e4sente, den Wein strukturierende S\u00e4ure im Abgang. F\u00fcr einen Kabinett eine gewisse Kraft zeigend, sorgt der spannungsreiche S\u00e4urebogen f\u00fcr Frische und Vitalit\u00e4t. <\/p>\n<p>The special feature of the Piesporter Grafenberg site is the red slate soil, which gives the wines an individual aroma. Fruits of red currant and peach, as well as hints of lime. Light slate minerality and acidity in the finish that structures the wine. Showing a certain power for a Kabinett, the exciting acid structure ensures freshness and vitality.<\/p>","protected":false},"excerpt":{"rendered":"<p>750ml Alc by Vol 8,0%<br \/>\nAP:25771210623<\/p>","protected":false},"featured_media":0,"template":"","meta":{"advanced_seo_description":"","jetpack_seo_html_title":"","jetpack_seo_noindex":false,"jetpack_post_was_ever_published":false,"jetpack_publicize_message":"","jetpack_publicize_feature_enabled":true,"jetpack_social_post_already_shared":true,"jetpack_social_options":{"image_generator_settings":{"template":"highway","default_image_id":0,"font":"","enabled":false},"version":2},"_wpas_customize_per_network":false},"product_brand":[],"product_cat":[1394],"product_tag":[],"class_list":{"0":"post-4743","1":"product","2":"type-product","3":"status-publish","5":"product_cat-alle-weine","7":"first","8":"instock","9":"taxable","10":"shipping-taxable","11":"purchasable","12":"product-type-simple"},"jetpack_publicize_connections":[],"jetpack_likes_enabled":false,"jetpack_sharing_enabled":true,"_links":{"self":[{"href":"https:\/\/guenthersteinmetz.com\/en\/wp-json\/wp\/v2\/product\/4743","targetHints":{"allow":["GET"]}}],"collection":[{"href":"https:\/\/guenthersteinmetz.com\/en\/wp-json\/wp\/v2\/product"}],"about":[{"href":"https:\/\/guenthersteinmetz.com\/en\/wp-json\/wp\/v2\/types\/product"}],"version-history":[{"count":1,"href":"https:\/\/guenthersteinmetz.com\/en\/wp-json\/wp\/v2\/product\/4743\/revisions"}],"predecessor-version":[{"id":4744,"href":"https:\/\/guenthersteinmetz.com\/en\/wp-json\/wp\/v2\/product\/4743\/revisions\/4744"}],"wp:attachment":[{"href":"https:\/\/guenthersteinmetz.com\/en\/wp-json\/wp\/v2\/media?parent=4743"}],"wp:term":[{"taxonomy":"product_brand","embeddable":true,"href":"https:\/\/guenthersteinmetz.com\/en\/wp-json\/wp\/v2\/product_brand?post=4743"},{"taxonomy":"product_cat","embeddable":true,"href":"https:\/\/guenthersteinmetz.com\/en\/wp-json\/wp\/v2\/product_cat?post=4743"},{"taxonomy":"product_tag","embeddable":true,"href":"https:\/\/guenthersteinmetz.com\/en\/wp-json\/wp\/v2\/product_tag?post=4743"}],"curies":[{"name":"wp","href":"https:\/\/api.w.org\/{rel}","templated":true}]}}