{"id":1512,"date":"2021-04-09T10:35:32","date_gmt":"2021-04-09T08:35:32","guid":{"rendered":"https:\/\/guenthersteinmetz.com\/?page_id=1512"},"modified":"2022-01-07T08:14:34","modified_gmt":"2022-01-07T07:14:34","slug":"versandbedingungen","status":"publish","type":"page","link":"https:\/\/guenthersteinmetz.com\/en\/versandbedingungen\/","title":{"rendered":"Shipping conditions"},"content":{"rendered":"<p>Diese Versandbedingungen gelten nur f\u00fcr DEUTSCHLAND. Alle anderen Versandanfragen sollten direkt \u00fcber unsere Kontaktformulare abgewickelt werden<\/p>\n\n\n\n<p>F\u00fcr alle Bestellungen \u00fcber unseren Online-Shop gelten die nachfolgenden Versandbedingungen. Unser Online-Shop richtet sich ausschlie\u00dflich an Verbraucher.<\/p>\n\n\n\n<p>Verbraucher ist jede nat\u00fcrliche oder juristische Person, die ein Rechtsgesch\u00e4ft zu Zwecken abschlie\u00dft, die \u00fcberwiegend weder ihrer gewerblichen noch ihrer selbst\u00e4ndigen beruflichen T\u00e4tigkeit zugerechnet werden k\u00f6nnen.&nbsp;<\/p>\n\n\n\n<p>Bestellsummen vor Steuern von 200 Euro oder mehr sind versandkostenfrei.<\/p>\n\n\n\n<p>Alle Bestellungen unter 200 Euro, unabh\u00e4ngig von der Anzahl der 750ml oder 1L Flaschen, werden mit 9,00 Euro berechnet.<\/p>\n\n\n\n<p>Magnums k\u00f6nnen f\u00fcr bestimmte Weine verf\u00fcgbar sein, aber es ist besser, das Weingut anzurufen oder zu mailen, um sich \u00fcber Weine und Preise zu erkundigen.<\/p>\n\n\n\n<figure class=\"wp-block-table\"><table><tbody><tr><td>Flaschengr\u00f6\u00dfe<\/td><td>Unter 200 \u20ac<\/td><td>\u00dcber 200 \u20ac<\/td><\/tr><tr><td>bis 0,75 Liter<\/td><td>9,00 \u20ac<\/td><td>Frei Haus<\/td><\/tr><\/tbody><\/table><\/figure>","protected":false},"excerpt":{"rendered":"<p>Diese Versandbedingungen gelten nur f\u00fcr DEUTSCHLAND. Alle anderen Versandanfragen sollten direkt \u00fcber unsere Kontaktformulare abgewickelt werden F\u00fcr alle Bestellungen \u00fcber unseren Online-Shop gelten die nachfolgenden Versandbedingungen. Unser Online-Shop richtet sich ausschlie\u00dflich an Verbraucher. Verbraucher ist jede nat\u00fcrliche oder juristische Person, die ein Rechtsgesch\u00e4ft zu Zwecken abschlie\u00dft, die \u00fcberwiegend weder ihrer gewerblichen noch ihrer selbst\u00e4ndigen beruflichen [&hellip;]<\/p>\n","protected":false},"author":17433329,"featured_media":0,"parent":0,"menu_order":0,"comment_status":"closed","ping_status":"closed","template":"","meta":{"advanced_seo_description":"","jetpack_seo_html_title":"","jetpack_seo_noindex":false,"footnotes":""},"class_list":["post-1512","page","type-page","status-publish","hentry"],"jetpack_likes_enabled":false,"jetpack_sharing_enabled":true,"jetpack_shortlink":"https:\/\/wp.me\/PcnT2b-oo","_links":{"self":[{"href":"https:\/\/guenthersteinmetz.com\/en\/wp-json\/wp\/v2\/pages\/1512","targetHints":{"allow":["GET"]}}],"collection":[{"href":"https:\/\/guenthersteinmetz.com\/en\/wp-json\/wp\/v2\/pages"}],"about":[{"href":"https:\/\/guenthersteinmetz.com\/en\/wp-json\/wp\/v2\/types\/page"}],"author":[{"embeddable":true,"href":"https:\/\/guenthersteinmetz.com\/en\/wp-json\/wp\/v2\/users\/17433329"}],"replies":[{"embeddable":true,"href":"https:\/\/guenthersteinmetz.com\/en\/wp-json\/wp\/v2\/comments?post=1512"}],"version-history":[{"count":5,"href":"https:\/\/guenthersteinmetz.com\/en\/wp-json\/wp\/v2\/pages\/1512\/revisions"}],"predecessor-version":[{"id":3158,"href":"https:\/\/guenthersteinmetz.com\/en\/wp-json\/wp\/v2\/pages\/1512\/revisions\/3158"}],"wp:attachment":[{"href":"https:\/\/guenthersteinmetz.com\/en\/wp-json\/wp\/v2\/media?parent=1512"}],"curies":[{"name":"wp","href":"https:\/\/api.w.org\/{rel}","templated":true}]}}