{"id":1504,"date":"2021-04-09T09:48:14","date_gmt":"2021-04-09T07:48:14","guid":{"rendered":"https:\/\/guenthersteinmetz.com\/?page_id=1504"},"modified":"2021-05-18T09:22:56","modified_gmt":"2021-05-18T07:22:56","slug":"agb","status":"publish","type":"page","link":"https:\/\/guenthersteinmetz.com\/en\/agb\/","title":{"rendered":"(AGB) Allgemeine Gesch\u00e4ftsbedingungen"},"content":{"rendered":"<p>F\u00fcr alle Bestellungen \u00fcber unseren Online-Shop gelten die nachfolgenden AGB. Unser Online-Shop richtet sich ausschlie\u00dflich an Verbraucher.<br>Verbraucher ist jede nat\u00fcrliche oder juristische Person, die ein Rechtsgesch\u00e4ft zu Zwecken abschlie\u00dft, die \u00fcberwiegend weder ihrer gewerblichen noch ihrer selbst\u00e4ndigen beruflichen T\u00e4tigkeit zugerechnet werden k\u00f6nnen.<\/p>\n\n\n\n<p><br>VERTRAGSPARTNER, VERTRAGSSCHLUSS, KORREKTURM\u00d6GLICHKEITEN<\/p>\n\n\n\n<p><br>Der Kaufvertrag kommt zustande mit Weingut Gunther Steinmetz, Inhaber Stefan Steinmetz, Moselweinstr. 154 \u2013 54472 Brauneberg<br>Die Darstellung der Weine im Online-Shop stellt kein rechtlich bindendes Angebot, sondern einen unverbindlichen Online-Katalog dar.&nbsp;Sie k\u00f6nnen unsere Weine zun\u00e4chst unverbindlich in den Warenkorb legen und Ihre Eingaben vor Absenden Ihrer verbindlichen Bestellung jederzeit korrigieren, indem Sie die hierf\u00fcr im Bestellablauf vorgesehenen und erl\u00e4uterten Korrekturhilfen nutzen. Durch Anklicken des Bestellbuttons geben Sie eine verbindliche Bestellung der im Warenkorb enthaltenen Waren ab. Die Best\u00e4tigung des Zugangs Ihrer Bestellung erfolgt per E-Mail unmittelbar nach dem Absenden der Bestellung.<\/p>\n\n\n\n<p><br>&nbsp;Wann der Vertrag mit uns zustande kommt, richtet sich nach der von Ihnen gew\u00e4hlten Zahlungsart<br><\/p>\n\n\n\n<p>Kreditkarte<br>Wir nehmen Ihre Bestellung durch Versand einer Annahmeerkl\u00e4rung in separater E-Mail oder durch Auslieferung der Ware innerhalb von f\u00fcnf Werktagen an.<br><\/p>\n\n\n\n<p>PayPal<br>Im Bestellprozess werden Sie auf die Webseite des Online-Anbieters PayPal weitergeleitet. Dort k\u00f6nnen Sie Ihre Zahlungsdaten angeben und die Zahlungsanweisung an PayPal best\u00e4tigen. Nach Abgabe der Bestellung im Shop fordern wir PayPal zur Einleitung der Zahlungstransaktion auf und nehmen dadurch Ihr Angebot an.<br><\/p>\n\n\n\n<p>Google Pay<br>Im Bestellprozess werden Sie auf die Webseite des Online-Anbieters Google weitergeleitet. Dort k\u00f6nnen Sie Ihre Zahlungsdaten angeben und die Zahlungsanweisung an Google best\u00e4tigen. Nach Abgabe der Bestellung im Shop fordern wir Google zur Einleitung der Zahlungstransaktion auf und nehmen dadurch Ihr Angebot an.<br><\/p>\n\n\n\n<p>VERTRAGSTEXTSPEICHERUNG<br>Wir speichern Ihre Bestellung und die eingegebenen Bestelldaten. Wir senden Ihnen per E-Mail eine Bestellbest\u00e4tigung und anschlie\u00dfend eine Auftragsbest\u00e4tigung mit allen Bestelldaten zu. Auch haben Sie die M\u00f6glichkeit, sowohl die Bestellung als auch die Allgemeinen Gesch\u00e4ftsbedingungen vor dem Absenden der Bestellung an uns auszudrucken. Auch haben Sie \u00fcber Ihr Kundenkonto jederzeit Zugriff auf die von Ihnen get\u00e4tigten Bestellungen.<br><\/p>\n\n\n\n<p>PREISE UND VERSANDKOSTEN<br>Die in den jeweiligen Angeboten angef\u00fchrten Preise verstehen sich einschlie\u00dflich der jeweils geltenden Umsatzsteuer zuz\u00fcglich Versandkosten.<br>Bei grenz\u00fcberschreitender Lieferung k\u00f6nnen im Einzelfall weitere Steuern und Abgaben (Zoll) anfallen, die der K\u00e4ufer an die jeweiligen Steuer- und Zollbeh\u00f6rden des Empf\u00e4ngerlandes direkt zu leisten hat.<br>N\u00e4here Bestimmungen zu gegebenenfalls anfallenden Versandkosten erfahren Sie bei den Angeboten und in den Versandbedingungen.<br>Wir liefern nur im Versandweg. Eine Selbstabholung (nach Bestellung in unserem Onlineshop) der Ware ist nur auf Anfrage m\u00f6glich.<br><\/p>\n\n\n\n<p>ZAHLUNGSBEDINGUNGEN<br>In unserem Shop stehen Ihnen grunds\u00e4tzlich die folgenden Zahlungsarten zur Verf\u00fcgung:<br><\/p>\n\n\n\n<p>Kreditkarte<br>Mit Abgabe der Bestellung geben Sie Ihre Kreditkartendaten an. Nach Ihrer Legitimation als rechtm\u00e4\u00dfiger Karteninhaber wird unmittelbar nach Vertragsschluss die Zahlungstransaktion automatisch durchgef\u00fchrt und Ihre Karte belastet.<br><\/p>\n\n\n\n<p>PayPal<br>Im Bestellprozess werden Sie auf die Webseite des Online-Anbieters PayPal weitergeleitet. Um den Rechnungsbetrag \u00fcber PayPal bezahlen zu k\u00f6nnen, m\u00fcssen Sie dort registriert sein bzw. sich erst registrieren, mit Ihren Zugangsdaten legitimieren und die Zahlungsanweisung an uns best\u00e4tigen. Nach Abgabe der Bestellung im Shop fordern wir PayPal zur Einleitung der Zahlungstransaktion auf. Die Zahlungstransaktion wird durch PayPal unmittelbar danach automatisch durchgef\u00fchrt. Weitere Hinweise erhalten Sie beim Bestellvorgang.<br><\/p>\n\n\n\n<p>Google Pay<br>Um den Rechnungsbetrag \u00fcber Google Pay bezahlen zu k\u00f6nnen, m\u00fcssen Sie bei dem Diensteanbieter Google registriert sein, die Funktion Google Pay aktiviert haben, sich mit Ihren Zugangsdaten legitimieren und die Zahlungsanweisung best\u00e4tigen. Die Zahlungstransaktion wird unmittelbar nach Abgabe der Bestellung durchgef\u00fchrt. Weitere Hinweise erhalten Sie beim Bestellvorgang.<br><\/p>\n\n\n\n<p>EIGENTUMSVORBEHALT<br>Die Ware bleibt bis zur vollst\u00e4ndigen Bezahlung unser Eigentum.<br><\/p>\n\n\n\n<p>TRANSPORTSCH\u00c4DEN<br>Werden Waren mit offensichtlichen Transportsch\u00e4den angeliefert, so reklamieren Sie solche Fehler bitte m\u00f6glichst sofort beim Zusteller und nehmen Sie bitte unverz\u00fcglich Kontakt zu uns auf. Die Vers\u00e4umung einer Reklamation oder Kontaktaufnahme hat f\u00fcr Ihre gesetzlichen Anspr\u00fcche und deren Durchsetzung, insbesondere Ihre Gew\u00e4hrleistungsrechte, keinerlei Konsequenzen. Sie helfen uns aber, unsere eigenen Anspr\u00fcche gegen\u00fcber dem Frachtf\u00fchrer bzw. der Transportversicherung geltend machen zu k\u00f6nnen.<br><\/p>\n\n\n\n<p>GEW\u00c4HRLEISTUNG UND GARANTIEN<br>Es gilt das gesetzliche M\u00e4ngelhaftungsrecht.<br><\/p>\n\n\n\n<p>HAFTUNG<br>F\u00fcr Anspr\u00fcche aufgrund von Sch\u00e4den, die durch uns, unsere gesetzlichen Vertreter oder Erf\u00fcllungsgehilfen verursacht wurden, haften wir stets unbeschr\u00e4nkt bei Verletzung des Lebens, des K\u00f6rpers oder der Gesundheit,\u2022 bei vors\u00e4tzlicher oder grob fahrl\u00e4ssiger Pflichtverletzung,\u2022 bei Garantieversprechen, soweit vereinbart, oder&nbsp;\u2022 soweit der Anwendungsbereich des Produkthaftungsgesetzes er\u00f6ffnet ist.<br>Bei Verletzung wesentlicher Vertragspflichten, deren Erf\u00fcllung die ordnungsgem\u00e4\u00dfe Durchf\u00fchrung des Vertrages \u00fcberhaupt erst erm\u00f6glicht und auf deren Einhaltung der Vertragspartner regelm\u00e4\u00dfig vertrauen darf, (Kardinalpflichten) durch leichte Fahrl\u00e4ssigkeit von uns, unseren gesetzlichen Vertretern oder Erf\u00fcllungsgehilfen ist die Haftung der H\u00f6he nach auf den bei Vertragsschluss vorhersehbaren Schaden begrenzt, mit dessen Entstehung typischerweise gerechnet werden muss.<br>Im \u00dcbrigen sind Anspr\u00fcche auf Schadensersatz ausgeschlossen.<br><\/p>\n\n\n\n<p>JUGENDSCHUTZ<br>Sofern Ihre Bestellung Waren umfasst, deren Verkauf Altersbeschr\u00e4nkungen unterliegt, stellen wir durch den Einsatz eines zuverl\u00e4ssigen Verfahrens unter Einbeziehung einer pers\u00f6nlichen Identit\u00e4ts- und<br>Alterspr\u00fcfung sicher, dass der Besteller das erforderliche Mindestalter erreicht hat. Der Zusteller \u00fcbergibt die Ware erst nach erfolgter Alterspr\u00fcfung und nur an den Besteller pers\u00f6nlich.<br><\/p>\n\n\n\n<p>SONSTIGES<br><\/p>\n\n\n\n<p>Die Vertragssprache ist Deutsch.<br><\/p>\n\n\n\n<p>Gerichtsstand ist, soweit zul\u00e4ssig, Bernkastel-Wehlen.<br>Auf die unter Einbeziehung der vorstehenden Vertragsbedingungen geschlossenen Vertr\u00e4ge, ihr Zustandekommen, ihre Wirksamkeit, Auslegung und Durchf\u00fchrung sowie aus alle weiteren zwischen den Parteien bestehenden rechtlichen Beziehungen findet das Rechts der Bundesrepublik Deutschland unter Ausschluss des UN-Kaufrechts (CISG) Anwendung, soweit im Einzelfall nichts anderes vereinbart ist.<br><\/p>\n\n\n\n<p>Sollten bei der Durchf\u00fchrung des Vertrages L\u00fccken auftreten, so sind diese durch Regelungen zu beheben, die dem wirtschaftlichen Sinn des Vertrages am n\u00e4chsten kommen.<\/p>","protected":false},"excerpt":{"rendered":"<p>F\u00fcr alle Bestellungen \u00fcber unseren Online-Shop gelten die nachfolgenden AGB. Unser Online-Shop richtet sich ausschlie\u00dflich an Verbraucher.Verbraucher ist jede nat\u00fcrliche oder juristische Person, die ein Rechtsgesch\u00e4ft zu Zwecken abschlie\u00dft, die \u00fcberwiegend weder ihrer gewerblichen noch ihrer selbst\u00e4ndigen beruflichen T\u00e4tigkeit zugerechnet werden k\u00f6nnen. VERTRAGSPARTNER, VERTRAGSSCHLUSS, KORREKTURM\u00d6GLICHKEITEN Der Kaufvertrag kommt zustande mit Weingut Gunther Steinmetz, Inhaber Stefan [&hellip;]<\/p>\n","protected":false},"author":17433329,"featured_media":0,"parent":0,"menu_order":0,"comment_status":"closed","ping_status":"closed","template":"","meta":{"advanced_seo_description":"","jetpack_seo_html_title":"","jetpack_seo_noindex":false,"jetpack_post_was_ever_published":false,"footnotes":""},"class_list":["post-1504","page","type-page","status-publish","hentry"],"jetpack_likes_enabled":false,"jetpack_sharing_enabled":true,"jetpack_shortlink":"https:\/\/wp.me\/PcnT2b-og","_links":{"self":[{"href":"https:\/\/guenthersteinmetz.com\/en\/wp-json\/wp\/v2\/pages\/1504","targetHints":{"allow":["GET"]}}],"collection":[{"href":"https:\/\/guenthersteinmetz.com\/en\/wp-json\/wp\/v2\/pages"}],"about":[{"href":"https:\/\/guenthersteinmetz.com\/en\/wp-json\/wp\/v2\/types\/page"}],"author":[{"embeddable":true,"href":"https:\/\/guenthersteinmetz.com\/en\/wp-json\/wp\/v2\/users\/17433329"}],"replies":[{"embeddable":true,"href":"https:\/\/guenthersteinmetz.com\/en\/wp-json\/wp\/v2\/comments?post=1504"}],"version-history":[{"count":4,"href":"https:\/\/guenthersteinmetz.com\/en\/wp-json\/wp\/v2\/pages\/1504\/revisions"}],"predecessor-version":[{"id":2942,"href":"https:\/\/guenthersteinmetz.com\/en\/wp-json\/wp\/v2\/pages\/1504\/revisions\/2942"}],"wp:attachment":[{"href":"https:\/\/guenthersteinmetz.com\/en\/wp-json\/wp\/v2\/media?parent=1504"}],"curies":[{"name":"wp","href":"https:\/\/api.w.org\/{rel}","templated":true}]}}